{"id":294,"date":"2024-02-18T20:21:09","date_gmt":"2024-02-18T20:21:09","guid":{"rendered":"https:\/\/wordpress.waenzi-wazuri.de\/?page_id=294"},"modified":"2024-02-18T20:21:09","modified_gmt":"2024-02-18T20:21:09","slug":"datenschutzhinweise","status":"publish","type":"page","link":"https:\/\/waenzi-wazuri.de\/en\/datenschutzhinweise\/","title":{"rendered":"Datenschutzhinweise"},"content":{"rendered":"<style>.kadence-column294_0065b4-c5 > .kt-inside-inner-col,.kadence-column294_0065b4-c5 > .kt-inside-inner-col:before{border-top-left-radius:0px;border-top-right-radius:0px;border-bottom-right-radius:0px;border-bottom-left-radius:0px;}.kadence-column294_0065b4-c5 > .kt-inside-inner-col{column-gap:var(--global-kb-gap-sm, 1rem);}.kadence-column294_0065b4-c5 > .kt-inside-inner-col{flex-direction:column;}.kadence-column294_0065b4-c5 > .kt-inside-inner-col > .aligncenter{width:100%;}.kadence-column294_0065b4-c5 > .kt-inside-inner-col:before{opacity:0.3;}.kadence-column294_0065b4-c5{position:relative;}@media all and (max-width: 1024px){.kadence-column294_0065b4-c5 > .kt-inside-inner-col{flex-direction:column;justify-content:center;}}@media all and (max-width: 767px){.kadence-column294_0065b4-c5 > .kt-inside-inner-col{flex-direction:column;justify-content:center;}}<\/style>\n<div class=\"wp-block-kadence-column kadence-column294_0065b4-c5\"><div class=\"kt-inside-inner-col\"><style>.kadence-column294_0e55dc-51 > .kt-inside-inner-col,.kadence-column294_0e55dc-51 > .kt-inside-inner-col:before{border-top-left-radius:0px;border-top-right-radius:0px;border-bottom-right-radius:0px;border-bottom-left-radius:0px;}.kadence-column294_0e55dc-51 > .kt-inside-inner-col{column-gap:var(--global-kb-gap-sm, 1rem);}.kadence-column294_0e55dc-51 > .kt-inside-inner-col{flex-direction:column;}.kadence-column294_0e55dc-51 > .kt-inside-inner-col > .aligncenter{width:100%;}.kadence-column294_0e55dc-51 > .kt-inside-inner-col:before{opacity:0.3;}.kadence-column294_0e55dc-51{position:relative;}@media all and (max-width: 1024px){.kadence-column294_0e55dc-51 > .kt-inside-inner-col{flex-direction:column;justify-content:center;}}@media all and (max-width: 767px){.kadence-column294_0e55dc-51 > .kt-inside-inner-col{flex-direction:column;justify-content:center;}}<\/style>\n<div class=\"wp-block-kadence-column kadence-column294_0e55dc-51\"><div class=\"kt-inside-inner-col\">\n<figure class=\"wp-block-image aligncenter size-full\"><img loading=\"lazy\" decoding=\"async\" width=\"1024\" height=\"50\" src=\"http:\/\/wordpress.waenzi-wazuri.de\/wp-content\/uploads\/2024\/02\/trennlinie.png\" alt=\"\" class=\"wp-image-240\" srcset=\"https:\/\/waenzi-wazuri.de\/wp-content\/uploads\/2024\/02\/trennlinie.png 1024w, https:\/\/waenzi-wazuri.de\/wp-content\/uploads\/2024\/02\/trennlinie-300x15.png 300w, https:\/\/waenzi-wazuri.de\/wp-content\/uploads\/2024\/02\/trennlinie-18x1.png 18w\" sizes=\"(max-width: 1024px) 100vw, 1024px\" \/><\/figure>\n<\/div><\/div>\n<\/div><\/div>\n\n\n\n<p>Wir bedanken uns f\u00fcr Ihren Besuch auf unserer Webseite. Der sicherer Umgang mit Ihren Daten ist uns besonders wichtig. Wir m\u00f6chten Sie daher ausf\u00fchrlich \u00fcber die Verwendung Ihrer Daten bei dem Besuch unseres Webauftritts informieren.<\/p>\n\n\n\n<p>Diese Datenschutzhinweise gelten sowohl f\u00fcr die gerade besuchte Webseite als auch f\u00fcr alle anderen Webseiten unseres Unternehmens.&nbsp;<\/p>\n\n\n\n<p>Sofern das SDG Anwendung findet, gelten die folgenden Hinweise analog zum SDG.<\/p>\n\n\n\n<h3 class=\"wp-block-heading\">1. Verantwortliche Stelle<\/h3>\n\n\n\n<p>Die Verantwortliche Stelle ist Frau Cosima von Delius. Kontakt per Mail unter delius&lt;at>fitness-basixx.de. Sie ist verantwortlich f\u00fcr die Verarbeitung Ihrer personenbezogenen Daten. Zus\u00e4tzliche Kontaktdaten finden Sie im\u00a0<a href=\"\/en\/impressum-kontakt\/\">Impressum<\/a>.<\/p>\n\n\n\n<h3 class=\"wp-block-heading\">2. Besuch unserer Webseite<\/h3>\n\n\n\n<p>Bei dem Besuch unserer Webseiten erheben wir auch personenbezogene Daten. Dies betrifft Daten, die erhoben werden, wenn Sie unsere Webseiten oder unsere Profile in den sozialen Medien anschauen. Die Einzelheiten erl\u00e4utern wir Ihnen im nachfolgenden.<\/p>\n\n\n\n<h4 class=\"wp-block-heading\"><strong>2.1&nbsp;<u>Cookies und ihr Einsatz<\/u><\/strong><\/h4>\n\n\n\n<p>Wir setzen Cookies ein, um unsere Webseiten optimal f\u00fcr Sie zu gestalten. Sofern es sich nicht um erforderliche Cookies handelt, werden Sie um Einwilligung gefragt, ob Sie mit dem Setzen der Cookies einverstanden sind.<\/p>\n\n\n\n<h4 class=\"wp-block-heading\"><strong>&nbsp;2.2&nbsp;<u>Einsatz&nbsp;<strong>S<\/strong>ozialer Medien<\/u><\/strong><\/h4>\n\n\n\n<p>Um unseren Unternehmensauftritt optimal zu gestalten, unterhalten wir Unternehmensseiten in verschiedenen sozialen Medien. Dort wollen wir unsere Interessenten \u00fcber unsere Leistungen informieren und \u00fcber diese Kan\u00e4le auch mit Ihnen kommunizieren.&nbsp;Die Verkn\u00fcpfungen zu Social Media Plattformen sind so eingebunden, dass nicht direkt Daten an den Social Media Betreiber \u00fcbertragen werden. Die Einbindung auf unseren Webseiten erfolgt \u00fcber direkte Verlinkungen. Eine Daten\u00fcbertragung findet erst statt, sofern Sie den Link angeklickt haben.<\/p>\n\n\n\n<p>Diese Kan\u00e4le werden zu folgenden Zwecken genutzt:<\/p>\n\n\n\n<ul>\n<li>Bereitstellung von Informationen zu unserem Unternehmen und unseren Leistungen<\/li>\n\n\n\n<li>Kommunikation mit Kunden und Interessenten.<\/li>\n<\/ul>\n\n\n\n<p><strong>Rechtsgrundlage<\/strong><\/p>\n\n\n\n<p>Rechtsgrundlage f\u00fcr diese Verarbeitung Ihrer personenbezogenen Daten ist unser berechtigtes Interesse an einer Kommunikation mit unseren Interessenten und Kunden sowie der Analyse und Weiterentwicklung von Dienstleistungen und Produkten sowie der Verbesserung von Gesch\u00e4ftsprozessen (Art. 6 Abs.1 lit. f DSGVO). Direkter Kundenkontakt findet zudem \u00fcber unseren Social Media Support statt, wobei die Verarbeitung auf Grundlage unserer Vertragsbeziehung oder dem vorvertraglichen Ma\u00dfnahmen bei Interessenten beruht (Art. 6 Abs. 1 lit. b DSGVO).<\/p>\n\n\n\n<p>Weitere Informationen zu den Social Media Plattformen:<\/p>\n\n\n\n<p><strong>Facebook und Instagram:&nbsp;<\/strong>Facebook Ireland Ltd., 4 Grand Canal Square, Grand Canal Harbour, Dublin 2, Irland<\/p>\n\n\n\n<p>F\u00fcr die Verarbeitung von Insights-Daten auf der Facebook-Fanpage sind wir gemeinsam mit Facebook verantwortlich. Die entsprechende Vereinbarung gem\u00e4\u00df Art. 26 DSGVO finden Sie hier:<br><a href=\"https:\/\/www.facebook.com\/legal\/terms\/page_controller_addendum\" target=\"_blank\" rel=\"noreferrer noopener\">https:\/\/www.facebook.com\/legal\/terms\/page_controller_addendum<\/a>. Weitere Informationen zu Seiten-Insights finden sie unter<br><a href=\"https:\/\/www.facebook.com\/legal\/terms\/information_about_page_insights_data\" target=\"_blank\" rel=\"noreferrer noopener\">https:\/\/www.facebook.com\/legal\/terms\/information_about_page_insights_data<\/a>.<\/p>\n\n\n\n<p>Die allgemeine Nutzung von Facebook, erfolgt in Ihrer eigenen Verantwortung. Die Datenschutzhinweise von Facebook finden Sie direkt auf unserer Facebook Fanpage.<\/p>\n\n\n\n<p>Sie k\u00f6nnen ihre W\u00fcnsche zu personalisierter Werbung durch Facebook jederzeit in ihren Einstellungen auf Facebook bearbeiten und widersprechen.<\/p>\n\n\n\n<h3 class=\"wp-block-heading\">3. Betroffenenrechte<\/h3>\n\n\n\n<p>Sie k\u00f6nnen die L\u00f6schung aller personenbezogenen Daten, die wir von Ihne gespeichert haben, anfordern. Dies umfasst nicht die Daten, die wir aufgrund administrativer, rechtlicher oder sicherheitsrelevanter Notwendigkeiten aufbewahren m\u00fcssen.<\/p>\n\n\n\n<h3 class=\"wp-block-heading\" id=\"kontaktformulare\"><strong>4. Kontaktformulare<\/strong><\/h3>\n\n\n\n<p>Wenn Sie uns per Kontaktformular Anfragen zukommen lassen, werden Ihre Angaben aus dem Anfrageformular inklusive der von Ihnen dort angegebenen Kontaktdaten zwecks Bearbeitung der Anfrage und f\u00fcr den Fall von Anschlussfragen bei uns gespeichert und verarbeitet. Ihre Daten werden ausschlie\u00dflich zweckgebunden zur Beantwortung und Bearbeitung Ihrer Frage genutzt. Die Datenverarbeitung erfolgt hier nach Art. 6 Abs. S. 1 lit. f DSGVO auf Grundlage des berechtigten Interesses.<\/p>\n\n\n\n<h3 class=\"wp-block-heading\"><strong>5. Kommunikation per E-Mail<\/strong><\/h3>\n\n\n\n<p>Sollten Sie per Mail einen Kontakt zu uns haben, findet die Erhebung Ihrer E-Mail-Adresse aus technisch notwendigen Gr\u00fcnden und somit aus dem berechtigten Interesse heraus statt. Gleiches gilt, wenn wir Sie anschreiben und Ihre E-Mail-Adresse entweder von Ihnen oder aus einer \u00f6ffentlichen Quelle erhalten habe.<\/p>\n\n\n\n<p>Ihre E-Mail-Adresse und der Inhalt Ihrer E-Mail werden nicht an Dritte weitergegeben, au\u00dfer, dies ist dem Anlass entsprechend geboten, von Ihnen gew\u00fcnscht oder explizit erlaubt worden oder dies ergibt sich aus einer anderen Rechtsvorschrift.<\/p>\n\n\n\n<h3 class=\"wp-block-heading\"><strong>6. Links zu anderen Webseiten<\/strong><\/h3>\n\n\n\n<p>Unsere Website kann von Zeit zu Zeit Links zu Websites Dritter oder zu anderen Websites von uns selbst enthalten. Wenn Sie einem Link zu einer dieser Websites folgen, weisen wir Sie darauf hin, dass diese Websites ihre eigenen Datenschutzrichtlinien haben und dass wir f\u00fcr diese Richtlinien keine Verantwortung oder Haftung \u00fcbernehmen. Bitte \u00fcberpr\u00fcfen Sie diese Datenschutzrichtlinien, bevor Sie personenbezogenen Daten an diese Websites weitergeben.<br>Erst wenn Sie auf einen solchen Link klicken, werden Daten zum Linkziel \u00fcbertragen. Dies ist technisch notwendig. Die \u00fcbertragenen Daten sind insbesondere: Ihre IP-Adresse, der Zeitpunkt zu dem Sie den Link angeklickt haben, die Seite auf der Sie den Link angeklickt haben, Angaben zu Ihrem Internet-Browser. Wenn Sie nicht m\u00f6chten, dass diese Daten zum Linkziel \u00fcbertragen werden, klicken Sie den Link nicht an.<\/p>\n\n\n\n<h3 class=\"wp-block-heading\"><strong>7. \u00c4nderungen dieser Seite<\/strong><\/h3>\n\n\n\n<p>Wir behalten uns vor, diese Hinweise zu \u00e4ndern, wenn sich die Rechtslage oder dieses Online-Angebot oder die Art der Datenerfassung \u00e4ndert. Dies gilt jedoch nur bez\u00fcglich Erkl\u00e4rungen zur Datenverarbeitung. Sofern eine Einwilligung des Nutzers notwendig ist oder Bestandteile der Datenschutzhinweise eine Regelung des Vertragsverh\u00e4ltnisses mit Nutzern enthalten, erfolgt die \u00c4nderung der Datenschutzhinweise nur nach Zustimmung des Nutzers.<\/p>\n\n\n\n<p>Bitte informieren Sie sich daher bei Bedarf \u00fcber diese Datenschutzhinweise, insbesondere, wenn Sie personenbezogene Daten mitteilen.<\/p>\n\n\n\n<p>(Quelle:\u00a0<a href=\"https:\/\/dr-dsgvo.de\/\">https:\/\/dr-dsgvo.de<\/a>)<\/p>\n\n\n<style>.kadence-column294_66620d-93 > .kt-inside-inner-col,.kadence-column294_66620d-93 > .kt-inside-inner-col:before{border-top-left-radius:0px;border-top-right-radius:0px;border-bottom-right-radius:0px;border-bottom-left-radius:0px;}.kadence-column294_66620d-93 > .kt-inside-inner-col{column-gap:var(--global-kb-gap-sm, 1rem);}.kadence-column294_66620d-93 > .kt-inside-inner-col{flex-direction:column;}.kadence-column294_66620d-93 > .kt-inside-inner-col > .aligncenter{width:100%;}.kadence-column294_66620d-93 > .kt-inside-inner-col:before{opacity:0.3;}.kadence-column294_66620d-93{position:relative;}@media all and (max-width: 1024px){.kadence-column294_66620d-93 > .kt-inside-inner-col{flex-direction:column;justify-content:center;}}@media all and (max-width: 767px){.kadence-column294_66620d-93 > .kt-inside-inner-col{flex-direction:column;justify-content:center;}}<\/style>\n<div class=\"wp-block-kadence-column kadence-column294_66620d-93\"><div class=\"kt-inside-inner-col\">\n<figure class=\"wp-block-image aligncenter size-full\"><img loading=\"lazy\" decoding=\"async\" width=\"1024\" height=\"50\" src=\"http:\/\/wordpress.waenzi-wazuri.de\/wp-content\/uploads\/2024\/02\/trennlinie.png\" alt=\"\" class=\"wp-image-240\" srcset=\"https:\/\/waenzi-wazuri.de\/wp-content\/uploads\/2024\/02\/trennlinie.png 1024w, https:\/\/waenzi-wazuri.de\/wp-content\/uploads\/2024\/02\/trennlinie-300x15.png 300w, https:\/\/waenzi-wazuri.de\/wp-content\/uploads\/2024\/02\/trennlinie-18x1.png 18w\" sizes=\"(max-width: 1024px) 100vw, 1024px\" \/><\/figure>\n<\/div><\/div>","protected":false},"excerpt":{"rendered":"<p>Wir bedanken uns f\u00fcr Ihren Besuch auf unserer Webseite. Der sicherer Umgang mit Ihren Daten ist uns besonders wichtig. Wir m\u00f6chten Sie daher ausf\u00fchrlich \u00fcber die Verwendung Ihrer Daten bei dem Besuch unseres Webauftritts informieren. Diese Datenschutzhinweise gelten sowohl f\u00fcr die gerade besuchte Webseite als auch f\u00fcr alle anderen Webseiten unseres Unternehmens.&nbsp; Sofern das SDG &hellip; <\/p>\n<p class=\"link-more\"><a href=\"https:\/\/waenzi-wazuri.de\/en\/datenschutzhinweise\/\" class=\"more-link\">Read more<span class=\"screen-reader-text\"> &#8222;Datenschutzhinweise&#8220;<\/span><\/a><\/p>","protected":false},"author":2,"featured_media":0,"parent":0,"menu_order":0,"comment_status":"closed","ping_status":"closed","template":"","meta":{"footnotes":""},"_links":{"self":[{"href":"https:\/\/waenzi-wazuri.de\/en\/wp-json\/wp\/v2\/pages\/294"}],"collection":[{"href":"https:\/\/waenzi-wazuri.de\/en\/wp-json\/wp\/v2\/pages"}],"about":[{"href":"https:\/\/waenzi-wazuri.de\/en\/wp-json\/wp\/v2\/types\/page"}],"author":[{"embeddable":true,"href":"https:\/\/waenzi-wazuri.de\/en\/wp-json\/wp\/v2\/users\/2"}],"replies":[{"embeddable":true,"href":"https:\/\/waenzi-wazuri.de\/en\/wp-json\/wp\/v2\/comments?post=294"}],"version-history":[{"count":1,"href":"https:\/\/waenzi-wazuri.de\/en\/wp-json\/wp\/v2\/pages\/294\/revisions"}],"predecessor-version":[{"id":295,"href":"https:\/\/waenzi-wazuri.de\/en\/wp-json\/wp\/v2\/pages\/294\/revisions\/295"}],"wp:attachment":[{"href":"https:\/\/waenzi-wazuri.de\/en\/wp-json\/wp\/v2\/media?parent=294"}],"curies":[{"name":"wp","href":"https:\/\/api.w.org\/{rel}","templated":true}]}}