{"id":232,"date":"2024-02-18T16:46:48","date_gmt":"2024-02-18T16:46:48","guid":{"rendered":"https:\/\/wordpress.waenzi-wazuri.de\/?page_id=232"},"modified":"2024-02-27T19:28:48","modified_gmt":"2024-02-27T19:28:48","slug":"rhodesian-ridgback","status":"publish","type":"page","link":"https:\/\/waenzi-wazuri.de\/en\/rhodesian-ridgback\/","title":{"rendered":"Rhodesian Ridgback"},"content":{"rendered":"<style>.kadence-column232_cf7403-0d > .kt-inside-inner-col,.kadence-column232_cf7403-0d > .kt-inside-inner-col:before{border-top-left-radius:0px;border-top-right-radius:0px;border-bottom-right-radius:0px;border-bottom-left-radius:0px;}.kadence-column232_cf7403-0d > .kt-inside-inner-col{column-gap:var(--global-kb-gap-sm, 1rem);}.kadence-column232_cf7403-0d > .kt-inside-inner-col{flex-direction:column;}.kadence-column232_cf7403-0d > .kt-inside-inner-col > .aligncenter{width:100%;}.kadence-column232_cf7403-0d > .kt-inside-inner-col:before{opacity:0.3;}.kadence-column232_cf7403-0d{position:relative;}@media all and (max-width: 1024px){.kadence-column232_cf7403-0d > .kt-inside-inner-col{flex-direction:column;justify-content:center;}}@media all and (max-width: 767px){.kadence-column232_cf7403-0d > .kt-inside-inner-col{flex-direction:column;justify-content:center;}}<\/style>\n<div class=\"wp-block-kadence-column kadence-column232_cf7403-0d\"><div class=\"kt-inside-inner-col\">\n<figure class=\"wp-block-image aligncenter size-full\"><img loading=\"lazy\" decoding=\"async\" width=\"1024\" height=\"50\" src=\"http:\/\/wordpress.waenzi-wazuri.de\/wp-content\/uploads\/2024\/02\/trennlinie.png\" alt=\"\" class=\"wp-image-240\" srcset=\"https:\/\/waenzi-wazuri.de\/wp-content\/uploads\/2024\/02\/trennlinie.png 1024w, https:\/\/waenzi-wazuri.de\/wp-content\/uploads\/2024\/02\/trennlinie-300x15.png 300w, https:\/\/waenzi-wazuri.de\/wp-content\/uploads\/2024\/02\/trennlinie-18x1.png 18w\" sizes=\"(max-width: 1024px) 100vw, 1024px\" \/><\/figure>\n<\/div><\/div>\n\n\n\n<h2 class=\"wp-block-heading has-text-align-center\">Ursprung des Rhodesian Ridgebacks<\/h2>\n\n\n\n<figure class=\"wp-block-image aligncenter size-full is-resized\"><img loading=\"lazy\" decoding=\"async\" width=\"671\" height=\"392\" src=\"http:\/\/wordpress.waenzi-wazuri.de\/wp-content\/uploads\/2024\/02\/16_11_21_besuch_museum.jpg\" alt=\"\" class=\"wp-image-233\" style=\"width:785px;height:auto\" srcset=\"https:\/\/waenzi-wazuri.de\/wp-content\/uploads\/2024\/02\/16_11_21_besuch_museum.jpg 671w, https:\/\/waenzi-wazuri.de\/wp-content\/uploads\/2024\/02\/16_11_21_besuch_museum-300x175.jpg 300w, https:\/\/waenzi-wazuri.de\/wp-content\/uploads\/2024\/02\/16_11_21_besuch_museum-18x12.jpg 18w\" sizes=\"(max-width: 671px) 100vw, 671px\" \/><\/figure>\n\n\n\n<p>Der Rhodesian Ridgeback kommt urspr\u00fcnglich aus S\u00fcd Afrika. Man fand aber in \u00e4gyptischen und ph\u00f6nizischen \u00dcberlieferungen schon Hinweise auf Hunde die auf dem R\u00fccken einen langezogenen Haarwirbel, den sogenannten Ridge, aufwiesen.<\/p>\n\n\n\n<p>1480 dann haben portugiesische Afrikareisende einen kleinen h\u00e4\u00dflichen, hy\u00e4nen\u00e4hnlichen Hund mit einer seltsamen Haarbildung auf ihren R\u00fccken erw\u00e4hnt.<\/p>\n\n\n\n<p>1505 verdichten sich die Berichte \u00fcber diese seltsam sch\u00f6nen &#8222;Hunde der Hottentotten&#8220; und kommen immer mehr in den Fokus ausl\u00e4ndischer Siedler.<\/p>\n\n\n\n<p>In der Mitte des 19. Jahrhunderts durch Verpaarung mit mitgebrachten europ\u00e4ischen Rassen wei\u00dfer Siedler wird der Rhodesian Ridgeback gr\u00f6\u00dfer von der Statur.<\/p>\n\n\n\n<p>1924 wurde die Rasse &#8222;Rhodesian Ridgeback&#8220; von der Kennel Union South Africa (KUSA) anerkannt und galt bis vor wenigen Jahren als einzige anerkannte s\u00fcdafrikanische Hunderasse.<\/p>\n\n\n\n<p>1974, genau 50 Jahre nach der Anerkennung der Rasse, fiel in Deutschland der erste Wurf mit nachgewiesener Abstammung der Z\u00fcchterin Anne M\u00fcller, Helvesiek.<\/p>\n\n\n<style>.kadence-column232_ba2e41-0a > .kt-inside-inner-col,.kadence-column232_ba2e41-0a > .kt-inside-inner-col:before{border-top-left-radius:0px;border-top-right-radius:0px;border-bottom-right-radius:0px;border-bottom-left-radius:0px;}.kadence-column232_ba2e41-0a > .kt-inside-inner-col{column-gap:var(--global-kb-gap-sm, 1rem);}.kadence-column232_ba2e41-0a > .kt-inside-inner-col{flex-direction:column;}.kadence-column232_ba2e41-0a > .kt-inside-inner-col > .aligncenter{width:100%;}.kadence-column232_ba2e41-0a > .kt-inside-inner-col:before{opacity:0.3;}.kadence-column232_ba2e41-0a{position:relative;}@media all and (max-width: 1024px){.kadence-column232_ba2e41-0a > .kt-inside-inner-col{flex-direction:column;justify-content:center;}}@media all and (max-width: 767px){.kadence-column232_ba2e41-0a > .kt-inside-inner-col{flex-direction:column;justify-content:center;}}<\/style>\n<div class=\"wp-block-kadence-column kadence-column232_ba2e41-0a\"><div class=\"kt-inside-inner-col\">\n<figure class=\"wp-block-image aligncenter size-full\"><img loading=\"lazy\" decoding=\"async\" width=\"1024\" height=\"50\" src=\"http:\/\/wordpress.waenzi-wazuri.de\/wp-content\/uploads\/2024\/02\/trennlinie.png\" alt=\"\" class=\"wp-image-240\" srcset=\"https:\/\/waenzi-wazuri.de\/wp-content\/uploads\/2024\/02\/trennlinie.png 1024w, https:\/\/waenzi-wazuri.de\/wp-content\/uploads\/2024\/02\/trennlinie-300x15.png 300w, https:\/\/waenzi-wazuri.de\/wp-content\/uploads\/2024\/02\/trennlinie-18x1.png 18w\" sizes=\"(max-width: 1024px) 100vw, 1024px\" \/><\/figure>\n<\/div><\/div>\n\n\n\n<h2 class=\"wp-block-heading has-text-align-center\">Der Rhodesian Ridgeback als Familienhund<\/h2>\n\n\n\n<p>Der Rhodesian Ridgeback ist sehr familienbezogen. Wenn Ridgebacks von ihrer Familie mit dem n\u00f6tigen Respekt und Andacht versehen werden, f\u00fcgen sie sich in die&nbsp;Familie ein und sind sehr liebevoll im Umgang.&nbsp;<\/p>\n\n\n\n<p>Der Rhodesian Ridgeback braucht den engen Anschluss an die Familie dringend, um sozial nicht zu verk\u00fcmmern und um zu wissen, f\u00fcr wen er da ist und wen er besch\u00fctzen kann und soll.<\/p>\n\n\n<style>.kadence-column232_f38d74-18 > .kt-inside-inner-col,.kadence-column232_f38d74-18 > .kt-inside-inner-col:before{border-top-left-radius:0px;border-top-right-radius:0px;border-bottom-right-radius:0px;border-bottom-left-radius:0px;}.kadence-column232_f38d74-18 > .kt-inside-inner-col{column-gap:var(--global-kb-gap-sm, 1rem);}.kadence-column232_f38d74-18 > .kt-inside-inner-col{flex-direction:column;}.kadence-column232_f38d74-18 > .kt-inside-inner-col > .aligncenter{width:100%;}.kadence-column232_f38d74-18 > .kt-inside-inner-col:before{opacity:0.3;}.kadence-column232_f38d74-18{position:relative;}@media all and (max-width: 1024px){.kadence-column232_f38d74-18 > .kt-inside-inner-col{flex-direction:column;justify-content:center;}}@media all and (max-width: 767px){.kadence-column232_f38d74-18 > .kt-inside-inner-col{flex-direction:column;justify-content:center;}}<\/style>\n<div class=\"wp-block-kadence-column kadence-column232_f38d74-18\"><div class=\"kt-inside-inner-col\">\n<figure class=\"wp-block-image aligncenter size-full\"><img loading=\"lazy\" decoding=\"async\" width=\"1024\" height=\"50\" src=\"http:\/\/wordpress.waenzi-wazuri.de\/wp-content\/uploads\/2024\/02\/trennlinie.png\" alt=\"\" class=\"wp-image-240\" srcset=\"https:\/\/waenzi-wazuri.de\/wp-content\/uploads\/2024\/02\/trennlinie.png 1024w, https:\/\/waenzi-wazuri.de\/wp-content\/uploads\/2024\/02\/trennlinie-300x15.png 300w, https:\/\/waenzi-wazuri.de\/wp-content\/uploads\/2024\/02\/trennlinie-18x1.png 18w\" sizes=\"(max-width: 1024px) 100vw, 1024px\" \/><\/figure>\n<\/div><\/div>\n\n\n\n<h2 class=\"wp-block-heading has-text-align-center\">Rhodesian  Ridgebacks erziehen<\/h2>\n\n\n\n<p>Unsere Erfahrung ist, dass der Rhodesian Ridgeback&nbsp;den starken <strong>Charakter<\/strong> hat, der ihm nachgesagt wird, sich aber sehr gut erziehen l\u00e4sst.&nbsp;Voraussetzung f\u00fcr die erfolgreiche Erziehung eines Ridgebacks ist, sich intensiv mit ihm zu besch\u00e4ftigen und eine <strong>klare Linie<\/strong> in allen&nbsp;Situationen zu behalten. Wird der Rhodesian Ridgeback als <strong>Partner<\/strong> akzeptiert, wird er alles f\u00fcr seinen Menschen tun. Neben <strong>Spazierg\u00e4ngen<\/strong> gehen unsere Ridgeback-H\u00fcndinen mit zum <strong>Joggen<\/strong> und auch am <strong>Pferd<\/strong> lassen sie&nbsp;sich jederzeit abrufen, selbst wenn Wild aufgescheucht wird.<\/p>\n\n\n\n<p>Als <strong>Jagdhund<\/strong> und <strong>Rettungshund<\/strong> sind Rhodesian Ridgebacks sehr gut geeignet und werden immer beliebter dabei.&nbsp;<\/p>\n\n\n<style>.kadence-column232_b56b3a-ab > .kt-inside-inner-col,.kadence-column232_b56b3a-ab > .kt-inside-inner-col:before{border-top-left-radius:0px;border-top-right-radius:0px;border-bottom-right-radius:0px;border-bottom-left-radius:0px;}.kadence-column232_b56b3a-ab > .kt-inside-inner-col{column-gap:var(--global-kb-gap-sm, 1rem);}.kadence-column232_b56b3a-ab > .kt-inside-inner-col{flex-direction:column;}.kadence-column232_b56b3a-ab > .kt-inside-inner-col > .aligncenter{width:100%;}.kadence-column232_b56b3a-ab > .kt-inside-inner-col:before{opacity:0.3;}.kadence-column232_b56b3a-ab{position:relative;}@media all and (max-width: 1024px){.kadence-column232_b56b3a-ab > .kt-inside-inner-col{flex-direction:column;justify-content:center;}}@media all and (max-width: 767px){.kadence-column232_b56b3a-ab > .kt-inside-inner-col{flex-direction:column;justify-content:center;}}<\/style>\n<div class=\"wp-block-kadence-column kadence-column232_b56b3a-ab\"><div class=\"kt-inside-inner-col\">\n<figure class=\"wp-block-image aligncenter size-full\"><img loading=\"lazy\" decoding=\"async\" width=\"1024\" height=\"50\" src=\"http:\/\/wordpress.waenzi-wazuri.de\/wp-content\/uploads\/2024\/02\/trennlinie.png\" alt=\"\" class=\"wp-image-240\" srcset=\"https:\/\/waenzi-wazuri.de\/wp-content\/uploads\/2024\/02\/trennlinie.png 1024w, https:\/\/waenzi-wazuri.de\/wp-content\/uploads\/2024\/02\/trennlinie-300x15.png 300w, https:\/\/waenzi-wazuri.de\/wp-content\/uploads\/2024\/02\/trennlinie-18x1.png 18w\" sizes=\"(max-width: 1024px) 100vw, 1024px\" \/><\/figure>\n<\/div><\/div>","protected":false},"excerpt":{"rendered":"<p>Ursprung des Rhodesian Ridgebacks Der Rhodesian Ridgeback kommt urspr\u00fcnglich aus S\u00fcd Afrika. Man fand aber in \u00e4gyptischen und ph\u00f6nizischen \u00dcberlieferungen schon Hinweise auf Hunde die auf dem R\u00fccken einen langezogenen Haarwirbel, den sogenannten Ridge, aufwiesen. 1480 dann haben portugiesische Afrikareisende einen kleinen h\u00e4\u00dflichen, hy\u00e4nen\u00e4hnlichen Hund mit einer seltsamen Haarbildung auf ihren R\u00fccken erw\u00e4hnt. 1505 verdichten &hellip; <\/p>\n<p class=\"link-more\"><a href=\"https:\/\/waenzi-wazuri.de\/en\/rhodesian-ridgback\/\" class=\"more-link\">Read more<span class=\"screen-reader-text\"> &#8222;Rhodesian Ridgback&#8220;<\/span><\/a><\/p>","protected":false},"author":2,"featured_media":0,"parent":0,"menu_order":0,"comment_status":"closed","ping_status":"closed","template":"","meta":{"footnotes":""},"_links":{"self":[{"href":"https:\/\/waenzi-wazuri.de\/en\/wp-json\/wp\/v2\/pages\/232"}],"collection":[{"href":"https:\/\/waenzi-wazuri.de\/en\/wp-json\/wp\/v2\/pages"}],"about":[{"href":"https:\/\/waenzi-wazuri.de\/en\/wp-json\/wp\/v2\/types\/page"}],"author":[{"embeddable":true,"href":"https:\/\/waenzi-wazuri.de\/en\/wp-json\/wp\/v2\/users\/2"}],"replies":[{"embeddable":true,"href":"https:\/\/waenzi-wazuri.de\/en\/wp-json\/wp\/v2\/comments?post=232"}],"version-history":[{"count":6,"href":"https:\/\/waenzi-wazuri.de\/en\/wp-json\/wp\/v2\/pages\/232\/revisions"}],"predecessor-version":[{"id":578,"href":"https:\/\/waenzi-wazuri.de\/en\/wp-json\/wp\/v2\/pages\/232\/revisions\/578"}],"wp:attachment":[{"href":"https:\/\/waenzi-wazuri.de\/en\/wp-json\/wp\/v2\/media?parent=232"}],"curies":[{"name":"wp","href":"https:\/\/api.w.org\/{rel}","templated":true}]}}